{"id":776,"date":"2025-05-13T21:36:24","date_gmt":"2025-05-13T21:36:24","guid":{"rendered":"https:\/\/munipampahermosa.gob.pe\/portal\/?page_id=776"},"modified":"2025-05-15T15:25:43","modified_gmt":"2025-05-15T15:25:43","slug":"rof","status":"publish","type":"page","link":"https:\/\/munipampahermosa.gob.pe\/portal\/rof\/","title":{"rendered":"ROF"},"content":{"rendered":"\n\n\n\n\n\n\n\n\n\n\n<h1>Documentaci\u00f3n<\/h1>\n\n\n\n\n<h2>Reglamento de Organizaci\u00f3n y Funciones (ROF)<\/h2>\n\n\n\n\n<h4 style=\"text-align: justify;\">El presente Reglamento de Organizaci\u00f3n y Funciones (ROF) de la Municipalidad Distrital de Miraflores es el documento t\u00e9cnico normativo de gesti\u00f3n administrativa institucional que tiene como objeto establecer la naturaleza, finalidad, \u00e1mbito, funciones generales y base legal de los \u00f3rganos que lo conforman, en concordancia con el Decreto Supremo N\u00b0 054-2018-PCM, que aprueba los lineamientos de Organizaci\u00f3n del Estado y modificatoria, Ley Org\u00e1nica de Municipalidades y dem\u00e1s disposiciones legales vigentes aplicables. <\/h4>\n\n\n\n\n\n\n\n\n\n\n\n\n\n\n\nSERVICIOS\n\nDemuna\nSisfoh\nRegistro Civil\nVaso de Leche\nSerenazgo\nServicios Publicos\n\n\n\nCONTACTOS\n\n\n\n\nVia Email:\n\n\n\n\n\nVia Phone:\n\n\n\nUBICACI\u00d3N\n\n\n\n\nLOCATION ONE\n\n\n\n\n","protected":false},"excerpt":{"rendered":"","protected":false},"author":1,"featured_media":0,"parent":0,"menu_order":0,"comment_status":"closed","ping_status":"closed","template":"","meta":{"pagelayer_contact_templates":[],"_pagelayer_content":"","site-sidebar-layout":"default","site-content-layout":"","ast-site-content-layout":"","site-content-style":"default","site-sidebar-style":"default","ast-global-header-display":"","ast-banner-title-visibility":"","ast-main-header-display":"","ast-hfb-above-header-display":"","ast-hfb-below-header-display":"","ast-hfb-mobile-header-display":"","site-post-title":"disabled","ast-breadcrumbs-content":"","ast-featured-img":"","footer-sml-layout":"","theme-transparent-header-meta":"","adv-header-id-meta":"","stick-header-meta":"","header-above-stick-meta":"","header-main-stick-meta":"","header-below-stick-meta":"","astra-migrate-meta-layouts":"default","ast-page-background-enabled":"default","ast-page-background-meta":{"desktop":{"background-color":"var(--ast-global-color-5)","background-image":"","background-repeat":"repeat","background-position":"center center","background-size":"auto","background-attachment":"scroll","background-type":"","background-media":"","overlay-type":"","overlay-color":"","overlay-opacity":"","overlay-gradient":""},"tablet":{"background-color":"","background-image":"","background-repeat":"repeat","background-position":"center center","background-size":"auto","background-attachment":"scroll","background-type":"","background-media":"","overlay-type":"","overlay-color":"","overlay-opacity":"","overlay-gradient":""},"mobile":{"background-color":"","background-image":"","background-repeat":"repeat","background-position":"center center","background-size":"auto","background-attachment":"scroll","background-type":"","background-media":"","overlay-type":"","overlay-color":"","overlay-opacity":"","overlay-gradient":""}},"ast-content-background-meta":{"desktop":{"background-color":"var(--ast-global-color-4)","background-image":"","background-repeat":"repeat","background-position":"center center","background-size":"auto","background-attachment":"scroll","background-type":"","background-media":"","overlay-type":"","overlay-color":"","overlay-opacity":"","overlay-gradient":""},"tablet":{"background-color":"var(--ast-global-color-4)","background-image":"","background-repeat":"repeat","background-position":"center center","background-size":"auto","background-attachment":"scroll","background-type":"","background-media":"","overlay-type":"","overlay-color":"","overlay-opacity":"","overlay-gradient":""},"mobile":{"background-color":"var(--ast-global-color-4)","background-image":"","background-repeat":"repeat","background-position":"center center","background-size":"auto","background-attachment":"scroll","background-type":"","background-media":"","overlay-type":"","overlay-color":"","overlay-opacity":"","overlay-gradient":""}},"_joinchat":[],"footnotes":""},"class_list":["post-776","page","type-page","status-publish","hentry"],"_links":{"self":[{"href":"https:\/\/munipampahermosa.gob.pe\/portal\/wp-json\/wp\/v2\/pages\/776","targetHints":{"allow":["GET"]}}],"collection":[{"href":"https:\/\/munipampahermosa.gob.pe\/portal\/wp-json\/wp\/v2\/pages"}],"about":[{"href":"https:\/\/munipampahermosa.gob.pe\/portal\/wp-json\/wp\/v2\/types\/page"}],"author":[{"embeddable":true,"href":"https:\/\/munipampahermosa.gob.pe\/portal\/wp-json\/wp\/v2\/users\/1"}],"replies":[{"embeddable":true,"href":"https:\/\/munipampahermosa.gob.pe\/portal\/wp-json\/wp\/v2\/comments?post=776"}],"version-history":[{"count":5,"href":"https:\/\/munipampahermosa.gob.pe\/portal\/wp-json\/wp\/v2\/pages\/776\/revisions"}],"predecessor-version":[{"id":789,"href":"https:\/\/munipampahermosa.gob.pe\/portal\/wp-json\/wp\/v2\/pages\/776\/revisions\/789"}],"wp:attachment":[{"href":"https:\/\/munipampahermosa.gob.pe\/portal\/wp-json\/wp\/v2\/media?parent=776"}],"curies":[{"name":"wp","href":"https:\/\/api.w.org\/{rel}","templated":true}]}}